{"id":7,"date":"2021-07-09T20:20:01","date_gmt":"2021-07-09T20:20:01","guid":{"rendered":"https:\/\/cansecoconsultores.com\/?page_id=7"},"modified":"2021-09-22T15:34:49","modified_gmt":"2021-09-22T15:34:49","slug":"inicio","status":"publish","type":"page","link":"https:\/\/cansecoconsultores.com\/","title":{"rendered":"INICIO"},"content":{"rendered":"<p>[et_pb_section fb_built=\u00bb1&#8243; fullwidth=\u00bbon\u00bb _builder_version=\u00bb4.9.7&#8243; _module_preset=\u00bbdefault\u00bb animation_style=\u00bbfade\u00bb][et_pb_fullwidth_slider use_bg_overlay=\u00bboff\u00bb _builder_version=\u00bb4.9.10&#8243; _module_preset=\u00bbdefault\u00bb positioning=\u00bbrelative\u00bb min_height=\u00bb461.6px\u00bb custom_padding=\u00bb155px||69px|||\u00bb auto=\u00bbon\u00bb auto_speed=\u00bb6000&#8243; hover_transition_duration=\u00bb150ms\u00bb][et_pb_slide heading=\u00bbBrindamos Asesor\u00eda Contable, Fiscal y Laboral\u00bb _builder_version=\u00bb4.9.7&#8243; _module_preset=\u00bbdefault\u00bb header_level=\u00bbh2&#8243; background_color=\u00bb#190889&#8243; background_enable_color=\u00bbon\u00bb use_background_color_gradient=\u00bbon\u00bb background_color_gradient_start=\u00bb#082759&#8243; background_color_gradient_direction=\u00bb235deg\u00bb background_image=\u00bbhttps:\/\/cansecoconsultores.com\/wp-content\/uploads\/2021\/07\/4.jpg\u00bb background_enable_image=\u00bbon\u00bb background_position=\u00bbtop_center\u00bb text_orientation=\u00bbcenter\u00bb text_shadow_style=\u00bbpreset1&#8243; text_shadow_color=\u00bb#000000&#8243; sticky_transition=\u00bbon\u00bb][\/et_pb_slide][et_pb_slide heading=\u00bbSomos miembros de la Firma Kreston Global\u00bb _builder_version=\u00bb4.9.10&#8243; _module_preset=\u00bbdefault\u00bb background_image=\u00bbhttps:\/\/cansecoconsultores.com\/wp-content\/uploads\/2021\/07\/3.jpg\u00bb background_enable_image=\u00bbon\u00bb text_shadow_style=\u00bbpreset1&#8243; text_shadow_color=\u00bb#000000&#8243; sticky_transition=\u00bbon\u00bb][\/et_pb_slide][et_pb_slide heading=\u00bb30 a\u00f1os de Experiencia nos avalan\u00bb _builder_version=\u00bb4.9.10&#8243; _module_preset=\u00bbdefault\u00bb background_image=\u00bbhttps:\/\/cansecoconsultores.com\/wp-content\/uploads\/2021\/09\/6.jpg\u00bb background_enable_image=\u00bbon\u00bb text_shadow_style=\u00bbpreset1&#8243; text_shadow_color=\u00bb#000000&#8243; sticky_transition=\u00bbon\u00bb][\/et_pb_slide][\/et_pb_fullwidth_slider][\/et_pb_section][et_pb_section fb_built=\u00bb1&#8243; admin_label=\u00bbStatistics\u00bb _builder_version=\u00bb4.9.7&#8243; min_height=\u00bb532.7px\u00bb custom_margin=\u00bb||-64px|||\u00bb custom_padding=\u00bb1px||3px|||\u00bb animation_style=\u00bbflip\u00bb][et_pb_row _builder_version=\u00bb3.25&#8243; background_size=\u00bbinitial\u00bb background_position=\u00bbtop_left\u00bb background_repeat=\u00bbrepeat\u00bb custom_width_px=\u00bb710px\u00bb global_module=\u00bb187&#8243; saved_tabs=\u00bball\u00bb][et_pb_column type=\u00bb4_4&#8243; _builder_version=\u00bb3.25&#8243; background_position=\u00bbtop_left\u00bb custom_padding=\u00bb|||\u00bb custom_padding__hover=\u00bb|||\u00bb][et_pb_divider color=\u00bb#4e5ed0&#8243; divider_weight=\u00bb3px\u00bb disabled_on=\u00bboff|off|off\u00bb _builder_version=\u00bb3.2&#8243; background_color_gradient_direction=\u00bb90deg\u00bb max_width=\u00bb100px\u00bb module_alignment=\u00bbcenter\u00bb height=\u00bb5px\u00bb custom_margin=\u00bb||20px|\u00bb custom_padding=\u00bb||20px|\u00bb animation_style=\u00bbslide\u00bb animation_direction=\u00bbbottom\u00bb locked=\u00bboff\u00bb][\/et_pb_divider][et_pb_text admin_label=\u00bbStatistics Section Subtitle\u00bb _builder_version=\u00bb4.9.10&#8243; text_text_color=\u00bb#243646&#8243; text_font_size=\u00bb17px\u00bb text_line_height=\u00bb2em\u00bb background_color=\u00bb#d8d8d8&#8243; background_size=\u00bbinitial\u00bb background_position=\u00bbtop_left\u00bb background_repeat=\u00bbrepeat\u00bb text_orientation=\u00bbcenter\u00bb width=\u00bb100%\u00bb max_width=\u00bb1000px\u00bb module_alignment=\u00bbcenter\u00bb custom_margin=\u00bb||||false|false\u00bb animation_style=\u00bbfold\u00bb animation_direction=\u00bbbottom\u00bb animation_intensity_fold=\u00bb20%\u00bb border_radii=\u00bbon|1px|1px|1px|1px\u00bb border_width_all=\u00bb50px\u00bb border_color_all=\u00bb#d8d8d8&#8243; box_shadow_style=\u00bbpreset3&#8243;]<\/p>\n<p style=\"text-align: left;\"><span style=\"font-size: xx-large; color: #ea5b0b;\"><strong>Bienvenido a Canseco Consultores<\/strong><\/span><\/p>\n<p style=\"text-align: justify;\"><span style=\"text-align: justify; font-size: 16px;\">El Despacho Canseco Consultores Contadores P\u00fablicos se constituy\u00f3 formalmente el 12 de Enero de 1990 determinando como giro principal la consultor\u00eda y asesor\u00eda en materia contable, fiscal y financiera, enfocando nuestros servicios a todo tipo de empresas dentro de la zona noreste y centro de la Rep\u00fablica Mexicana as\u00ed como en los Estados fronterizos de la Uni\u00f3n Americana, consolid\u00e1ndonos en este tiempo como un despacho de profesionistas serios, confiables y con alto sentido de responsabilidad, como parte de nuestro crecimiento profesional y compromiso con nuestros clientes a partir del a\u00f1o 2006 formamos parte de la Firma Internacional de contadores p\u00fablicos KRESTON, ratificando as\u00ed nuestro compromiso de poder brindar a nuestros clientes y amigos un servicio de calidad y confianza avalados por una firma internacional con presencia en m\u00e1s de 125 pa\u00edses alrededor del mundo.<\/span><\/p>\n<p>[\/et_pb_text][\/et_pb_column][\/et_pb_row][\/et_pb_section][et_pb_section fb_built=\u00bb1&#8243; admin_label=\u00bbSplit Section\u00bb _builder_version=\u00bb4.9.7&#8243; custom_margin=\u00bb37px|||||\u00bb custom_padding=\u00bb0px||0px|\u00bb animation_style=\u00bbflip\u00bb animation_direction=\u00bbbottom\u00bb][et_pb_row column_structure=\u00bb1_2,1_2&#8243; use_custom_gutter=\u00bbon\u00bb gutter_width=\u00bb1&#8243; make_equal=\u00bbon\u00bb module_class=\u00bb et_pb_row_fullwidth\u00bb _builder_version=\u00bb4.9.10&#8243; background_size=\u00bbinitial\u00bb background_position=\u00bbtop_left\u00bb background_repeat=\u00bbrepeat\u00bb width=\u00bb100%\u00bb width_tablet=\u00bb100%\u00bb width_phone=\u00bb\u00bb width_last_edited=\u00bbon|desktop\u00bb max_width=\u00bb100%\u00bb max_width_tablet=\u00bb100%\u00bb max_width_phone=\u00bb\u00bb max_width_last_edited=\u00bbon|desktop\u00bb custom_margin=\u00bb0px||0px|\u00bb custom_padding=\u00bb32px||0px|||\u00bb make_fullwidth=\u00bbon\u00bb global_module=\u00bb291&#8243; saved_tabs=\u00bball\u00bb][et_pb_column type=\u00bb1_2&#8243; _builder_version=\u00bb4.9.10&#8243; background_color=\u00bb#afafaf\u00bb use_background_color_gradient=\u00bbon\u00bb background_image=\u00bbhttps:\/\/cansecoconsultores.com\/wp-content\/uploads\/2021\/09\/Somos-miembro-de-Kreston-Global.jpg\u00bb background_position=\u00bbtop_left\u00bb custom_padding=\u00bb|||\u00bb custom_padding__hover=\u00bb|||\u00bb][\/et_pb_column][et_pb_column type=\u00bb1_2&#8243; _builder_version=\u00bb4.9.10&#8243; background_color=\u00bb#ef8448&#8243; background_position=\u00bbtop_left\u00bb custom_padding=\u00bb8%|6%|8%|6%\u00bb custom_padding__hover=\u00bb|||\u00bb][et_pb_divider color=\u00bb#189cd8&#8243; divider_weight=\u00bb3px\u00bb disabled_on=\u00bboff|off|off\u00bb _builder_version=\u00bb4.9.10&#8243; background_color_gradient_direction=\u00bb90deg\u00bb max_width=\u00bb100px\u00bb module_alignment=\u00bbleft\u00bb height=\u00bb5px\u00bb custom_margin=\u00bb||20px|\u00bb custom_padding=\u00bb||20px|\u00bb animation_style=\u00bbslide\u00bb animation_direction=\u00bbbottom\u00bb locked=\u00bboff\u00bb][\/et_pb_divider][et_pb_cta title=\u00bbSOMOS MIEMBROS DE KRESTON GLOBAL\u00bb button_url=\u00bb@ET-DC@eyJkeW5hbWljIjp0cnVlLCJjb250ZW50IjoicG9zdF9saW5rX3VybF9wYWdlIiwic2V0dGluZ3MiOnsicG9zdF9pZCI6IjE4NCJ9fQ==@\u00bb button_text=\u00bbConoce  kreston Global\u00bb admin_label=\u00bbFeature 01&#8243; _builder_version=\u00bb4.9.10&#8243; _dynamic_attributes=\u00bbbutton_url\u00bb header_font=\u00bb||||||||\u00bb header_text_color=\u00bb#243646&#8243; header_font_size=\u00bb36&#8243; header_line_height=\u00bb1.4em\u00bb body_font_size=\u00bb16&#8243; body_line_height=\u00bb1.9em\u00bb use_background_color=\u00bboff\u00bb max_width=\u00bb450px\u00bb module_alignment=\u00bbleft\u00bb custom_margin=\u00bb|-70px||-13px||\u00bb custom_padding=\u00bb|||\u00bb animation_style=\u00bbfold\u00bb animation_direction=\u00bbbottom\u00bb animation_intensity_fold=\u00bb15%\u00bb button_text_color_hover=\u00bb#6eba01&#8243; button_border_color_hover=\u00bb#6eba01&#8243; button_border_radius_hover=\u00bb0&#8243; button_letter_spacing_hover=\u00bb2&#8243; button_bg_color_hover=\u00bbrgba(0,0,0,0)\u00bb locked=\u00bboff\u00bb button_text_size__hover_enabled=\u00bboff\u00bb button_one_text_size__hover_enabled=\u00bboff\u00bb button_two_text_size__hover_enabled=\u00bboff\u00bb button_text_color__hover_enabled=\u00bbon\u00bb button_text_color__hover=\u00bb#6eba01&#8243; button_one_text_color__hover_enabled=\u00bboff\u00bb button_two_text_color__hover_enabled=\u00bboff\u00bb button_border_width__hover_enabled=\u00bboff\u00bb button_one_border_width__hover_enabled=\u00bboff\u00bb button_two_border_width__hover_enabled=\u00bboff\u00bb button_border_color__hover_enabled=\u00bbon\u00bb button_border_color__hover=\u00bb#6eba01&#8243; button_one_border_color__hover_enabled=\u00bboff\u00bb button_two_border_color__hover_enabled=\u00bboff\u00bb button_border_radius__hover_enabled=\u00bbon\u00bb button_border_radius__hover=\u00bb0&#8243; button_one_border_radius__hover_enabled=\u00bboff\u00bb button_two_border_radius__hover_enabled=\u00bboff\u00bb button_letter_spacing__hover_enabled=\u00bbon\u00bb button_letter_spacing__hover=\u00bb2&#8243; button_one_letter_spacing__hover_enabled=\u00bboff\u00bb button_two_letter_spacing__hover_enabled=\u00bboff\u00bb button_bg_color__hover_enabled=\u00bbon\u00bb button_bg_color__hover=\u00bbrgba(0,0,0,0)\u00bb button_one_bg_color__hover_enabled=\u00bboff\u00bb button_two_bg_color__hover_enabled=\u00bboff\u00bb]<\/p>\n<p style=\"text-align: justify;\"><span>Kreston Global es una red internacional de experimentadas firmas de Contadores y Consultores de Negocios independientes, cada uno con su propia base de clientes establecida. Sus intereses de negocio son cuidados por nuestros miembros, quienes son los socios principales de sus propias firmas, brindando un servicio confiable y personalizado. Cada miembro de Kreston se esfuerza por proporcionar la pr\u00e1ctica de la m\u00e1s alta calidad disponible en su propio pa\u00eds.<\/span><br \/><span>La fortaleza de nuestra red de firmas independientes alrededor del mundo brinda una importante ventaja al servicio que est\u00e1 recibiendo, ya que ofrece una cobertura global de 24 horas, eliminando la necesidad de lidiar con barreras culturales.<\/span><\/p>\n<p>[\/et_pb_cta][\/et_pb_column][\/et_pb_row][\/et_pb_section][et_pb_section fb_built=\u00bb1&#8243; _builder_version=\u00bb4.9.10&#8243; _module_preset=\u00bbdefault\u00bb background_color=\u00bb#009edb\u00bb background_enable_image=\u00bboff\u00bb][et_pb_row _builder_version=\u00bb4.9.10&#8243; _module_preset=\u00bbdefault\u00bb][et_pb_column type=\u00bb4_4&#8243; _builder_version=\u00bb4.9.10&#8243; _module_preset=\u00bbdefault\u00bb][et_pb_image src=\u00bbhttps:\/\/cansecoconsultores.com\/wp-content\/uploads\/2021\/09\/kreston-global-1-scaled.jpg\u00bb title_text=\u00bbkreston global\u00bb _builder_version=\u00bb4.9.10&#8243; _module_preset=\u00bbdefault\u00bb animation_style=\u00bbzoom\u00bb][\/et_pb_image][\/et_pb_column][\/et_pb_row][\/et_pb_section][et_pb_section fb_built=\u00bb1&#8243; _builder_version=\u00bb4.9.10&#8243; _module_preset=\u00bbdefault\u00bb background_color=\u00bb#ef8448&#8243; custom_margin=\u00bb||58px|||\u00bb box_shadow_style=\u00bbpreset1&#8243;][et_pb_row _builder_version=\u00bb4.9.10&#8243; _module_preset=\u00bbdefault\u00bb][et_pb_column type=\u00bb4_4&#8243; _builder_version=\u00bb4.9.10&#8243; _module_preset=\u00bbdefault\u00bb][et_pb_text _builder_version=\u00bb4.9.10&#8243; _module_preset=\u00bbdefault\u00bb]<\/p>\n<h1><strong><span style=\"color: #ffffff;\">\u00daltimas Noticias<\/span><\/strong><\/h1>\n<p>[\/et_pb_text][et_pb_blog fullwidth=\u00bboff\u00bb posts_number=\u00bb3&#8243; excerpt_length=\u00bb120&#8243; show_more=\u00bbon\u00bb show_author=\u00bboff\u00bb show_categories=\u00bboff\u00bb show_pagination=\u00bboff\u00bb _builder_version=\u00bb4.9.10&#8243; _module_preset=\u00bbdefault\u00bb box_shadow_style=\u00bbpreset1&#8243;][\/et_pb_blog][\/et_pb_column][\/et_pb_row][\/et_pb_section][et_pb_section fb_built=\u00bb1&#8243; admin_label=\u00bbServices\u00bb _builder_version=\u00bb4.9.10&#8243; custom_margin=\u00bb||-3px|||\u00bb custom_padding=\u00bb1px||6px|||\u00bb animation_style=\u00bbflip\u00bb][et_pb_row column_structure=\u00bb1_3,1_3,1_3&#8243; _builder_version=\u00bb4.9.10&#8243; _module_preset=\u00bbdefault\u00bb][et_pb_column type=\u00bb1_3&#8243; _builder_version=\u00bb4.9.10&#8243; _module_preset=\u00bbdefault\u00bb][et_pb_image src=\u00bbhttps:\/\/cansecoconsultores.com\/wp-content\/uploads\/2021\/09\/2222.jpg\u00bb title_text=\u00bb2222&#8243; _builder_version=\u00bb4.9.10&#8243; _module_preset=\u00bbdefault\u00bb hover_enabled=\u00bb0&#8243; sticky_enabled=\u00bb0&#8243;][\/et_pb_image][\/et_pb_column][et_pb_column type=\u00bb1_3&#8243; _builder_version=\u00bb4.9.10&#8243; _module_preset=\u00bbdefault\u00bb][et_pb_blurb title=\u00bbIndicadores\u00bb url=\u00bb#\u00bb use_icon=\u00bbon\u00bb font_icon=\u00bb%%158%%\u00bb icon_color=\u00bb#4e5ed0&#8243; use_icon_font_size=\u00bbon\u00bb icon_font_size=\u00bb60px\u00bb admin_label=\u00bbService 01&#8243; _builder_version=\u00bb4.9.10&#8243; header_font=\u00bbMontserrat||||\u00bb header_text_color=\u00bb#1f1f1f\u00bb header_font_size=\u00bb22px\u00bb header_line_height=\u00bb1.8em\u00bb body_font_size=\u00bb16px\u00bb body_line_height=\u00bb1.9em\u00bb background_size=\u00bbinitial\u00bb background_position=\u00bbtop_left\u00bb background_repeat=\u00bbrepeat\u00bb text_orientation=\u00bbcenter\u00bb animation_style=\u00bbfold\u00bb animation_direction=\u00bbbottom\u00bb animation_intensity_fold=\u00bb30%\u00bb]<\/p>\n<p style=\"text-align: center;\"><a href=\"http:\/\/www.banxico.org.mx\/\" target=\"_blank\" rel=\"noopener\">Banco de M\u00e9xico<\/a><\/p>\n<p style=\"text-align: center;\"><a href=\"https:\/\/www.gob.mx\/conasami\" target=\"_blank\" rel=\"noopener\">Salarios M\u00ednimos<\/a><\/p>\n<p>[\/et_pb_blurb][\/et_pb_column][et_pb_column type=\u00bb1_3&#8243; _builder_version=\u00bb4.9.10&#8243; _module_preset=\u00bbdefault\u00bb][et_pb_blurb title=\u00bbLigas de inter\u00e9s\u00bb url=\u00bb#\u00bb use_icon=\u00bbon\u00bb font_icon=\u00bb%%137%%\u00bb icon_color=\u00bb#4e5ed0&#8243; use_icon_font_size=\u00bbon\u00bb icon_font_size=\u00bb60px\u00bb admin_label=\u00bbService 02&#8243; _builder_version=\u00bb4.9.10&#8243; header_font=\u00bbMontserrat||||\u00bb header_text_color=\u00bb#1f1f1f\u00bb header_font_size=\u00bb22px\u00bb header_line_height=\u00bb1.8em\u00bb body_font_size=\u00bb16px\u00bb body_line_height=\u00bb1.9em\u00bb background_size=\u00bbinitial\u00bb background_position=\u00bbtop_left\u00bb background_repeat=\u00bbrepeat\u00bb text_orientation=\u00bbcenter\u00bb custom_padding=\u00bb||0px|||\u00bb animation_style=\u00bbfold\u00bb animation_direction=\u00bbbottom\u00bb animation_delay=\u00bb100ms\u00bb animation_intensity_fold=\u00bb30%\u00bb]<\/p>\n<p style=\"padding-left: 120px; text-align: left;\"><a href=\"https:\/\/www.sat.gob.mx\/\" target=\"_blank\" rel=\"noopener\">SAT<\/a><\/p>\n<p style=\"padding-left: 120px; text-align: left;\"><a href=\"https:\/\/www.tamaulipas.gob.mx\/\" target=\"_blank\" rel=\"noopener\">Fiscal del Estado<\/a><\/p>\n<p style=\"padding-left: 120px; text-align: left;\"><a href=\"http:\/\/www.imss.gob.mx\/\" target=\"_blank\" rel=\"noopener\">IMSS<\/a><\/p>\n<p style=\"padding-left: 120px; text-align: left;\"><a href=\"https:\/\/portalmx.infonavit.org.mx\/\">INFONAVIT<\/a><\/p>\n<p>[\/et_pb_blurb][\/et_pb_column][\/et_pb_row][\/et_pb_section][et_pb_section fb_built=\u00bb1&#8243; _builder_version=\u00bb4.9.10&#8243; _module_preset=\u00bbdefault\u00bb min_height=\u00bb42px\u00bb custom_margin=\u00bb-16px|||||\u00bb custom_padding=\u00bb0px||0px|||\u00bb global_module=\u00bb218&#8243; saved_tabs=\u00bball\u00bb][et_pb_row _builder_version=\u00bb4.9.10&#8243; _module_preset=\u00bbdefault\u00bb custom_padding=\u00bb53px|||||\u00bb][et_pb_column type=\u00bb4_4&#8243; _builder_version=\u00bb4.9.10&#8243; _module_preset=\u00bbdefault\u00bb][et_pb_social_media_follow _builder_version=\u00bb4.9.10&#8243; _module_preset=\u00bbdefault\u00bb text_orientation=\u00bbright\u00bb animation_style=\u00bbslide\u00bb][et_pb_social_media_follow_network social_network=\u00bbfacebook\u00bb url=\u00bbhttps:\/\/www.facebook.com\/krestonccp\u00bb _builder_version=\u00bb4.9.10&#8243; _module_preset=\u00bbdefault\u00bb background_color=\u00bb#3b5998&#8243; follow_button=\u00bboff\u00bb url_new_window=\u00bbon\u00bb]facebook[\/et_pb_social_media_follow_network][et_pb_social_media_follow_network social_network=\u00bbinstagram\u00bb url=\u00bbhttps:\/\/www.instagram.com\/krestonccp\/\u00bb _builder_version=\u00bb4.9.10&#8243; _module_preset=\u00bbdefault\u00bb background_color=\u00bb#ea2c59&#8243; follow_button=\u00bboff\u00bb url_new_window=\u00bbon\u00bb]instagram[\/et_pb_social_media_follow_network][et_pb_social_media_follow_network social_network=\u00bblinkedin\u00bb url=\u00bbhttps:\/\/www.linkedin.com\/company\/kreston-ccp\/\u00bb _builder_version=\u00bb4.9.10&#8243; _module_preset=\u00bbdefault\u00bb background_color=\u00bb#007bb6&#8243; follow_button=\u00bboff\u00bb url_new_window=\u00bbon\u00bb]linkedin[\/et_pb_social_media_follow_network][\/et_pb_social_media_follow][\/et_pb_column][\/et_pb_row][\/et_pb_section]<\/p>\n","protected":false},"excerpt":{"rendered":"<p>Bienvenido a Canseco Consultores El Despacho Canseco Consultores Contadores P\u00fablicos se constituy\u00f3 formalmente el 12 de Enero de 1990 determinando como giro principal la consultor\u00eda y asesor\u00eda en materia contable, fiscal y financiera, enfocando nuestros servicios a todo tipo de empresas dentro de la zona noreste y centro de la Rep\u00fablica Mexicana as\u00ed como en [&hellip;]<\/p>\n","protected":false},"author":1,"featured_media":0,"parent":0,"menu_order":0,"comment_status":"closed","ping_status":"closed","template":"","meta":{"_et_pb_use_builder":"on","_et_pb_old_content":"","_et_gb_content_width":""},"_links":{"self":[{"href":"https:\/\/cansecoconsultores.com\/index.php?rest_route=\/wp\/v2\/pages\/7"}],"collection":[{"href":"https:\/\/cansecoconsultores.com\/index.php?rest_route=\/wp\/v2\/pages"}],"about":[{"href":"https:\/\/cansecoconsultores.com\/index.php?rest_route=\/wp\/v2\/types\/page"}],"author":[{"embeddable":true,"href":"https:\/\/cansecoconsultores.com\/index.php?rest_route=\/wp\/v2\/users\/1"}],"replies":[{"embeddable":true,"href":"https:\/\/cansecoconsultores.com\/index.php?rest_route=%2Fwp%2Fv2%2Fcomments&post=7"}],"version-history":[{"count":29,"href":"https:\/\/cansecoconsultores.com\/index.php?rest_route=\/wp\/v2\/pages\/7\/revisions"}],"predecessor-version":[{"id":342,"href":"https:\/\/cansecoconsultores.com\/index.php?rest_route=\/wp\/v2\/pages\/7\/revisions\/342"}],"wp:attachment":[{"href":"https:\/\/cansecoconsultores.com\/index.php?rest_route=%2Fwp%2Fv2%2Fmedia&parent=7"}],"curies":[{"name":"wp","href":"https:\/\/api.w.org\/{rel}","templated":true}]}}